{"id":6,"date":"2021-01-19T15:45:38","date_gmt":"2021-01-19T14:45:38","guid":{"rendered":"https:\/\/www.widmann-systems.com\/?page_id=6"},"modified":"2026-03-25T11:02:30","modified_gmt":"2026-03-25T10:02:30","slug":"start","status":"publish","type":"page","link":"https:\/\/www.widmann-systems.com\/de\/","title":{"rendered":"Start"},"content":{"rendered":"<div id=\"pl-6\"  class=\"panel-layout\" ><div id=\"pg-6-0\"  class=\"panel-grid panel-has-style\" ><div class=\"panel-row-style panel-row-style-for-6-0\" ><div id=\"pgc-6-0-0\"  class=\"panel-grid-cell\" ><div id=\"panel-6-0-0-0\" class=\"so-panel widget widget_sow-hero panel-first-child panel-last-child\" data-index=\"0\" ><div\n\t\t\t\n\t\t\tclass=\"so-widget-sow-hero so-widget-sow-hero-default-9cfe48252975-6\"\n\t\t\t\n\t\t>\t\t\t\t<div class=\"sow-slider-base\" style=\"display: none\" tabindex=\"0\">\n\t\t\t\t\t<ul\n\t\t\t\t\tclass=\"sow-slider-images\"\n\t\t\t\t\tdata-settings=\"{&quot;pagination&quot;:true,&quot;speed&quot;:800,&quot;timeout&quot;:8000,&quot;paused&quot;:false,&quot;pause_on_hover&quot;:false,&quot;swipe&quot;:true,&quot;nav_always_show_desktop&quot;:&quot;&quot;,&quot;nav_always_show_mobile&quot;:&quot;&quot;,&quot;breakpoint&quot;:&quot;780px&quot;,&quot;unmute&quot;:false,&quot;anchor&quot;:null}\"\n\t\t\t\t\tstyle=\"min-height: 673px\"\t\t\t\t\tdata-anchor-id=\"\"\n\t\t\t\t>\t\t<li class=\"sow-slider-image  sow-slider-image-cover\" style=\"visibility: visible;;background-color: #ffffff;background-image: url(https:\/\/www.widmann-systems.com\/wp-content\/uploads\/widmann-start-header-min.jpg)\" >\n\t\t\t\t\t<div class=\"sow-slider-image-container\">\n\t\t\t<div class=\"sow-slider-image-wrapper\">\n\t\t\t\t\t\t\t<\/div>\n\t\t<\/div>\n\t\t\t\t<\/li>\n\t\t<\/ul>\t\t\t\t<ol class=\"sow-slider-pagination\">\n\t\t\t\t\t\t\t\t\t\t\t<li><a href=\"#\" data-goto=\"0\" aria-label=\"Display slide 1\"><\/a><\/li>\n\t\t\t\t\t\t\t\t\t<\/ol>\n\n\t\t\t\t<div class=\"sow-slide-nav sow-slide-nav-next\">\n\t\t\t\t\t<a href=\"#\" data-goto=\"next\" aria-label=\"Next slide\" data-action=\"next\">\n\t\t\t\t\t\t<em class=\"sow-sld-icon-thin-right\"><\/em>\n\t\t\t\t\t<\/a>\n\t\t\t\t<\/div>\n\n\t\t\t\t<div class=\"sow-slide-nav sow-slide-nav-prev\">\n\t\t\t\t\t<a href=\"#\" data-goto=\"previous\" aria-label=\"Previous slide\" data-action=\"prev\">\n\t\t\t\t\t\t<em class=\"sow-sld-icon-thin-left\"><\/em>\n\t\t\t\t\t<\/a>\n\t\t\t\t<\/div>\n\t\t\t\t<\/div><\/div><\/div><\/div><\/div><\/div><div id=\"pg-6-1\"  class=\"panel-grid panel-no-style\" ><div id=\"pgc-6-1-0\"  class=\"panel-grid-cell\" ><div class=\"panel-cell-style panel-cell-style-for-6-1-0\" ><div id=\"panel-6-1-0-0\" class=\"so-panel widget widget_sow-editor panel-first-child\" data-index=\"1\" ><div class=\"panel-widget-style panel-widget-style-for-6-1-0-0\" ><div\n\t\t\t\n\t\t\tclass=\"so-widget-sow-editor so-widget-sow-editor-base\"\n\t\t\t\n\t\t>\n<div class=\"siteorigin-widget-tinymce textwidget\">\n\t<h3 style=\"text-align: left;\"><span style=\"color: #ffffff;\">H\u00f6chstdruckstrahlanlage ME 1700<\/span><\/h3>\n<p>F\u00fcr den professionellen Reinigungseinsatz in der Industrie:<\/p>\n<p>- Reinigen von Produktionsanlagen<br \/>\n- Maschinen und Teilereinigung<br \/>\n- Entfernen von hartn\u00e4ckigsten Verschmutzungen &amp; Beschichtungen<\/p>\n<p style=\"text-align: left;\"><a href=\"https:\/\/www.widmann-systems.com\/de\/produkt\/\">&gt;&gt; Zum Produkt &lt;&lt;<\/a><\/p>\n<\/div>\n<\/div><\/div><\/div><div id=\"panel-6-1-0-1\" class=\"so-panel widget widget_sow-editor panel-last-child\" data-index=\"2\" ><div class=\"panel-widget-style panel-widget-style-for-6-1-0-1\" ><div\n\t\t\t\n\t\t\tclass=\"so-widget-sow-editor so-widget-sow-editor-base\"\n\t\t\t\n\t\t>\n<div class=\"siteorigin-widget-tinymce textwidget\">\n\t<h3 style=\"text-align: left;\">\u00dcber uns<\/h3>\n<p style=\"text-align: left;\">Die E. Ziegler-Widmann Cleaning Systems, mit Sitz in Ulm, wurde 1997 von Dieter Widmann gegr\u00fcndet. Wir entwickeln, produzieren und vertreiben Hoch- und H\u00f6chstdruckstrahlanlagen bis zu einem Arbeitsdruck von 1700 Bar.<\/p>\n<p style=\"text-align: left;\">Unsere Produkte werden bei vielf\u00e4ltigen Reinigungseins\u00e4tzen in verschiedenen Industriezweigen in \u00fcber 80 L\u00e4ndern weltweit erfolgreich eingesetzt.<\/p>\n<\/div>\n<\/div><\/div><\/div><\/div><\/div><div id=\"pgc-6-1-1\"  class=\"panel-grid-cell\" ><div id=\"panel-6-1-1-0\" class=\"so-panel widget widget_sow-image panel-first-child panel-last-child\" data-index=\"3\" ><div\n\t\t\t\n\t\t\tclass=\"so-widget-sow-image so-widget-sow-image-default-8b5b6f678277-6\"\n\t\t\t data-overlay-enabled=\"1\" data-overlay-settings=\"{&quot;enabled_for_widgets&quot;:[&quot;sow-image&quot;,&quot;sow-image-grid&quot;,&quot;sow-simple-masonry&quot;],&quot;theme&quot;:&quot;dark&quot;,&quot;show_delay&quot;:300,&quot;overlay_color&quot;:&quot;#000000&quot;,&quot;overlay_opacity&quot;:0,&quot;overlay_position&quot;:&quot;bottom&quot;,&quot;overlay_size&quot;:1,&quot;desktop_show_trigger&quot;:&quot;always&quot;,&quot;touch_show_trigger&quot;:&quot;always&quot;,&quot;responsive_breakpoint&quot;:&quot;1024px&quot;,&quot;responsive_breakpoint_unit&quot;:&quot;px&quot;,&quot;overlay_animation&quot;:&quot;fade&quot;,&quot;font_family&quot;:&quot;default&quot;,&quot;text_size&quot;:&quot;25px&quot;,&quot;text_size_unit&quot;:&quot;px&quot;,&quot;text_color&quot;:&quot;#fff&quot;,&quot;text_padding&quot;:&quot;22px 22px 22px 22px&quot;,&quot;text_position&quot;:&quot;middle&quot;,&quot;text_align&quot;:&quot;center&quot;,&quot;text_animation&quot;:&quot;&quot;,&quot;overlay_animation_onscreen&quot;:false,&quot;font&quot;:{&quot;family&quot;:&quot;default&quot;}}\"\n\t\t>\n<div class=\"sow-image-container\">\n\t\t<img \n\tsrc=\"https:\/\/www.widmann-systems.com\/wp-content\/uploads\/Widmann_Slider_Startseite.png\" width=\"600\" height=\"530\" srcset=\"https:\/\/www.widmann-systems.com\/wp-content\/uploads\/Widmann_Slider_Startseite.png 600w, https:\/\/www.widmann-systems.com\/wp-content\/uploads\/Widmann_Slider_Startseite-300x265.png 300w\" sizes=\"(max-width: 600px) 100vw, 600px\" alt=\"\" \t\tclass=\"so-widget-image\"\/>\n\t<\/div>\n\n<\/div><\/div><\/div><\/div><div id=\"pg-6-2\"  class=\"panel-grid panel-no-style\" ><div id=\"pgc-6-2-0\"  class=\"panel-grid-cell\" ><div class=\"panel-cell-style panel-cell-style-for-6-2-0\" ><div id=\"panel-6-2-0-0\" class=\"so-panel widget widget_sow-editor panel-first-child\" data-index=\"4\" ><div class=\"panel-widget-style panel-widget-style-for-6-2-0-0\" ><div\n\t\t\t\n\t\t\tclass=\"so-widget-sow-editor so-widget-sow-editor-base\"\n\t\t\t\n\t\t>\n<div class=\"siteorigin-widget-tinymce textwidget\">\n\t<h3 style=\"text-align: left;\"><span style=\"color: #ffffff;\">H\u00f6chstdruckstrahlanlage ME 1700<\/span><\/h3>\n<p>F\u00fcr den professionellen Reinigungseinsatz in der Industrie:<\/p>\n<p>- Reinigen von Produktionsanlagen<br \/>\n- Maschinen und Teilereinigung<br \/>\n- Entfernen von hartn\u00e4ckigsten Verschmutzungen &amp; Beschichtungen<\/p>\n<p style=\"text-align: left;\"><a href=\"https:\/\/www.widmann-systems.com\/de\/produkt\/\">&gt;&gt; Zum Produkt &lt;&lt;<\/a><\/p>\n<\/div>\n<\/div><\/div><\/div><div id=\"panel-6-2-0-1\" class=\"so-panel widget widget_sow-editor panel-last-child\" data-index=\"5\" ><div class=\"panel-widget-style panel-widget-style-for-6-2-0-1\" ><div\n\t\t\t\n\t\t\tclass=\"so-widget-sow-editor so-widget-sow-editor-base\"\n\t\t\t\n\t\t>\n<div class=\"siteorigin-widget-tinymce textwidget\">\n\t<h3 style=\"text-align: left;\">\u00dcber uns<\/h3>\n<p style=\"text-align: left;\">Die E. Ziegler-Widmann Cleaning Systems, mit Sitz in Ulm, wurde 1997 von Dieter Widmann gegr\u00fcndet. Wir entwickeln, produzieren und vertreiben Hoch- und H\u00f6chstdruckstrahlanlagen bis zu einem Arbeitsdruck von 1700 Bar.<\/p>\n<p style=\"text-align: left;\">Unsere Produkte werden bei vielf\u00e4ltigen Reinigungseins\u00e4tzen in verschiedenen Industriezweigen in \u00fcber 80 L\u00e4ndern weltweit erfolgreich eingesetzt.<\/p>\n<\/div>\n<\/div><\/div><\/div><\/div><\/div><\/div><div id=\"pg-6-3\"  class=\"panel-grid panel-no-style\" ><div id=\"pgc-6-3-0\"  class=\"panel-grid-cell\" ><div id=\"panel-6-3-0-0\" class=\"so-panel widget widget_sow-editor panel-first-child panel-last-child\" data-index=\"6\" ><div\n\t\t\t\n\t\t\tclass=\"so-widget-sow-editor so-widget-sow-editor-base\"\n\t\t\t\n\t\t>\n<div class=\"siteorigin-widget-tinymce textwidget\">\n\t<h2 style=\"text-align: center;\">Einsatzgebiete<\/h2>\n<p>&nbsp;<\/p>\n<\/div>\n<\/div><\/div><\/div><\/div><div id=\"pg-6-4\"  class=\"panel-grid panel-no-style\" ><div id=\"pgc-6-4-0\"  class=\"panel-grid-cell\" ><div id=\"panel-6-4-0-0\" class=\"so-panel widget widget_sow-image panel-first-child\" data-index=\"7\" ><div\n\t\t\t\n\t\t\tclass=\"so-widget-sow-image so-widget-sow-image-default-8b5b6f678277-6\"\n\t\t\t data-overlay-enabled=\"1\" data-overlay-settings=\"{&quot;enabled_for_widgets&quot;:[&quot;sow-image&quot;,&quot;sow-image-grid&quot;,&quot;sow-simple-masonry&quot;],&quot;theme&quot;:&quot;dark&quot;,&quot;show_delay&quot;:300,&quot;overlay_color&quot;:&quot;#000000&quot;,&quot;overlay_opacity&quot;:0,&quot;overlay_position&quot;:&quot;bottom&quot;,&quot;overlay_size&quot;:1,&quot;desktop_show_trigger&quot;:&quot;always&quot;,&quot;touch_show_trigger&quot;:&quot;always&quot;,&quot;responsive_breakpoint&quot;:&quot;1024px&quot;,&quot;responsive_breakpoint_unit&quot;:&quot;px&quot;,&quot;overlay_animation&quot;:&quot;fade&quot;,&quot;font_family&quot;:&quot;default&quot;,&quot;text_size&quot;:&quot;25px&quot;,&quot;text_size_unit&quot;:&quot;px&quot;,&quot;text_color&quot;:&quot;#fff&quot;,&quot;text_padding&quot;:&quot;22px 22px 22px 22px&quot;,&quot;text_position&quot;:&quot;middle&quot;,&quot;text_align&quot;:&quot;center&quot;,&quot;text_animation&quot;:&quot;&quot;,&quot;overlay_animation_onscreen&quot;:false,&quot;font&quot;:{&quot;family&quot;:&quot;default&quot;}}\"\n\t\t>\n<div class=\"sow-image-container\">\n\t\t\t<a href=\"https:\/\/www.widmann-systems.com\/de\/einsatzgebiete\/#beh%C3%A4lterglasindustrie\"\n\t\t\t\t\t>\n\t\t\t<img \n\tsrc=\"https:\/\/www.widmann-systems.com\/wp-content\/uploads\/Widmann_Behaelterglasindustrie_Startseite.png\" width=\"585\" height=\"290\" srcset=\"https:\/\/www.widmann-systems.com\/wp-content\/uploads\/Widmann_Behaelterglasindustrie_Startseite.png 585w, https:\/\/www.widmann-systems.com\/wp-content\/uploads\/Widmann_Behaelterglasindustrie_Startseite-300x149.png 300w\" sizes=\"(max-width: 585px) 100vw, 585px\" title=\"Beh\u00e4lterglasindustrie\" alt=\"\" \t\tclass=\"so-widget-image\"\/>\n\t\t\t<\/a><\/div>\n\n<\/div><\/div><div id=\"panel-6-4-0-1\" class=\"so-panel widget widget_sow-image panel-last-child\" data-index=\"8\" ><div\n\t\t\t\n\t\t\tclass=\"so-widget-sow-image so-widget-sow-image-default-8b5b6f678277-6\"\n\t\t\t data-overlay-enabled=\"1\" data-overlay-settings=\"{&quot;enabled_for_widgets&quot;:[&quot;sow-image&quot;,&quot;sow-image-grid&quot;,&quot;sow-simple-masonry&quot;],&quot;theme&quot;:&quot;dark&quot;,&quot;show_delay&quot;:300,&quot;overlay_color&quot;:&quot;#000000&quot;,&quot;overlay_opacity&quot;:0,&quot;overlay_position&quot;:&quot;bottom&quot;,&quot;overlay_size&quot;:1,&quot;desktop_show_trigger&quot;:&quot;always&quot;,&quot;touch_show_trigger&quot;:&quot;always&quot;,&quot;responsive_breakpoint&quot;:&quot;1024px&quot;,&quot;responsive_breakpoint_unit&quot;:&quot;px&quot;,&quot;overlay_animation&quot;:&quot;fade&quot;,&quot;font_family&quot;:&quot;default&quot;,&quot;text_size&quot;:&quot;25px&quot;,&quot;text_size_unit&quot;:&quot;px&quot;,&quot;text_color&quot;:&quot;#fff&quot;,&quot;text_padding&quot;:&quot;22px 22px 22px 22px&quot;,&quot;text_position&quot;:&quot;middle&quot;,&quot;text_align&quot;:&quot;center&quot;,&quot;text_animation&quot;:&quot;&quot;,&quot;overlay_animation_onscreen&quot;:false,&quot;font&quot;:{&quot;family&quot;:&quot;default&quot;}}\"\n\t\t>\n<div class=\"sow-image-container\">\n\t\t\t<a href=\"https:\/\/www.widmann-systems.com\/de\/einsatzgebiete\/#farbindustrie\"\n\t\t\t\t\t>\n\t\t\t<img \n\tsrc=\"https:\/\/www.widmann-systems.com\/wp-content\/uploads\/Widmann_Farbindustrie_Startseite.png\" width=\"585\" height=\"290\" srcset=\"https:\/\/www.widmann-systems.com\/wp-content\/uploads\/Widmann_Farbindustrie_Startseite.png 585w, https:\/\/www.widmann-systems.com\/wp-content\/uploads\/Widmann_Farbindustrie_Startseite-300x149.png 300w\" sizes=\"(max-width: 585px) 100vw, 585px\" title=\"Farb- und Lackindustrie\" alt=\"\" \t\tclass=\"so-widget-image\"\/>\n\t\t\t<\/a><\/div>\n\n<\/div><\/div><\/div><div id=\"pgc-6-4-1\"  class=\"panel-grid-cell\" ><div id=\"panel-6-4-1-0\" class=\"so-panel widget widget_sow-image panel-first-child\" data-index=\"9\" ><div\n\t\t\t\n\t\t\tclass=\"so-widget-sow-image so-widget-sow-image-default-8b5b6f678277-6\"\n\t\t\t data-overlay-enabled=\"1\" data-overlay-settings=\"{&quot;enabled_for_widgets&quot;:[&quot;sow-image&quot;,&quot;sow-image-grid&quot;,&quot;sow-simple-masonry&quot;],&quot;theme&quot;:&quot;dark&quot;,&quot;show_delay&quot;:300,&quot;overlay_color&quot;:&quot;#000000&quot;,&quot;overlay_opacity&quot;:0,&quot;overlay_position&quot;:&quot;bottom&quot;,&quot;overlay_size&quot;:1,&quot;desktop_show_trigger&quot;:&quot;always&quot;,&quot;touch_show_trigger&quot;:&quot;always&quot;,&quot;responsive_breakpoint&quot;:&quot;1024px&quot;,&quot;responsive_breakpoint_unit&quot;:&quot;px&quot;,&quot;overlay_animation&quot;:&quot;fade&quot;,&quot;font_family&quot;:&quot;default&quot;,&quot;text_size&quot;:&quot;25px&quot;,&quot;text_size_unit&quot;:&quot;px&quot;,&quot;text_color&quot;:&quot;#fff&quot;,&quot;text_padding&quot;:&quot;22px 22px 22px 22px&quot;,&quot;text_position&quot;:&quot;middle&quot;,&quot;text_align&quot;:&quot;center&quot;,&quot;text_animation&quot;:&quot;&quot;,&quot;overlay_animation_onscreen&quot;:false,&quot;font&quot;:{&quot;family&quot;:&quot;default&quot;}}\"\n\t\t>\n<div class=\"sow-image-container\">\n\t\t\t<a href=\"https:\/\/www.widmann-systems.com\/de\/einsatzgebiete\/#automotivindustrie\"\n\t\t\t\t\t>\n\t\t\t<img \n\tsrc=\"https:\/\/www.widmann-systems.com\/wp-content\/uploads\/Widmann_Automotiveindurstrie_Startseite.png\" width=\"585\" height=\"290\" srcset=\"https:\/\/www.widmann-systems.com\/wp-content\/uploads\/Widmann_Automotiveindurstrie_Startseite.png 585w, https:\/\/www.widmann-systems.com\/wp-content\/uploads\/Widmann_Automotiveindurstrie_Startseite-300x149.png 300w\" sizes=\"(max-width: 585px) 100vw, 585px\" title=\"Automotivindustrie\" alt=\"\" \t\tclass=\"so-widget-image\"\/>\n\t\t\t<\/a><\/div>\n\n<\/div><\/div><div id=\"panel-6-4-1-1\" class=\"so-panel widget widget_sow-image panel-last-child\" data-index=\"10\" ><div\n\t\t\t\n\t\t\tclass=\"so-widget-sow-image so-widget-sow-image-default-8b5b6f678277-6\"\n\t\t\t data-overlay-enabled=\"1\" data-overlay-settings=\"{&quot;enabled_for_widgets&quot;:[&quot;sow-image&quot;,&quot;sow-image-grid&quot;,&quot;sow-simple-masonry&quot;],&quot;theme&quot;:&quot;dark&quot;,&quot;show_delay&quot;:300,&quot;overlay_color&quot;:&quot;#000000&quot;,&quot;overlay_opacity&quot;:0,&quot;overlay_position&quot;:&quot;bottom&quot;,&quot;overlay_size&quot;:1,&quot;desktop_show_trigger&quot;:&quot;always&quot;,&quot;touch_show_trigger&quot;:&quot;always&quot;,&quot;responsive_breakpoint&quot;:&quot;1024px&quot;,&quot;responsive_breakpoint_unit&quot;:&quot;px&quot;,&quot;overlay_animation&quot;:&quot;fade&quot;,&quot;font_family&quot;:&quot;default&quot;,&quot;text_size&quot;:&quot;25px&quot;,&quot;text_size_unit&quot;:&quot;px&quot;,&quot;text_color&quot;:&quot;#fff&quot;,&quot;text_padding&quot;:&quot;22px 22px 22px 22px&quot;,&quot;text_position&quot;:&quot;middle&quot;,&quot;text_align&quot;:&quot;center&quot;,&quot;text_animation&quot;:&quot;&quot;,&quot;overlay_animation_onscreen&quot;:false,&quot;font&quot;:{&quot;family&quot;:&quot;default&quot;}}\"\n\t\t>\n<div class=\"sow-image-container\">\n\t\t\t<a href=\"https:\/\/www.widmann-systems.com\/de\/einsatzgebiete\/#industriereinigung\"\n\t\t\t\t\t>\n\t\t\t<img \n\tsrc=\"https:\/\/www.widmann-systems.com\/wp-content\/uploads\/Widmann_Indurstriereinigung_Startseite.png\" width=\"585\" height=\"290\" srcset=\"https:\/\/www.widmann-systems.com\/wp-content\/uploads\/Widmann_Indurstriereinigung_Startseite.png 585w, https:\/\/www.widmann-systems.com\/wp-content\/uploads\/Widmann_Indurstriereinigung_Startseite-300x149.png 300w\" sizes=\"(max-width: 585px) 100vw, 585px\" title=\"Industriereinigung\" alt=\"\" \t\tclass=\"so-widget-image\"\/>\n\t\t\t<\/a><\/div>\n\n<\/div><\/div><\/div><\/div><div id=\"pg-6-5\"  class=\"panel-grid panel-no-style\" ><div id=\"pgc-6-5-0\"  class=\"panel-grid-cell\" ><div id=\"panel-6-5-0-0\" class=\"so-panel widget widget_sow-editor panel-first-child panel-last-child\" data-index=\"11\" ><div\n\t\t\t\n\t\t\tclass=\"so-widget-sow-editor so-widget-sow-editor-base\"\n\t\t\t\n\t\t>\n<div class=\"siteorigin-widget-tinymce textwidget\">\n\t<h2 style=\"text-align: center;\">Auszug Referenzen<\/h2>\n<p>&nbsp;<\/p>\n<\/div>\n<\/div><\/div><\/div><\/div><div id=\"pg-6-6\"  class=\"panel-grid panel-no-style\" ><div id=\"pgc-6-6-0\"  class=\"panel-grid-cell\" ><div class=\"panel-cell-style panel-cell-style-for-6-6-0\" ><div id=\"panel-6-6-0-0\" class=\"so-panel widget widget_sow-editor panel-first-child panel-last-child\" data-index=\"12\" ><div class=\"panel-widget-style panel-widget-style-for-6-6-0-0\" ><div\n\t\t\t\n\t\t\tclass=\"so-widget-sow-editor so-widget-sow-editor-base\"\n\t\t\t\n\t\t>\n<div class=\"siteorigin-widget-tinymce textwidget\">\n\t<ul>\n<li><span style=\"font-size: 16px;\">AGI Glaspac<\/span><\/li>\n<li><span style=\"font-size: 16px;\">Anadolu Cam (Sisecam Group)<\/span><\/li>\n<li><span style=\"font-size: 16px;\">Ardagh Glass<\/span><\/li>\n<li><span style=\"font-size: 16px;\">Consol Glass<\/span><\/li>\n<li><span style=\"font-size: 16px;\">FEVISA<\/span><\/li>\n<\/ul>\n<\/div>\n<\/div><\/div><\/div><\/div><\/div><div id=\"pgc-6-6-1\"  class=\"panel-grid-cell\" ><div class=\"panel-cell-style panel-cell-style-for-6-6-1\" ><div id=\"panel-6-6-1-0\" class=\"so-panel widget widget_sow-editor panel-first-child panel-last-child\" data-index=\"13\" ><div class=\"panel-widget-style panel-widget-style-for-6-6-1-0\" ><div\n\t\t\t\n\t\t\tclass=\"so-widget-sow-editor so-widget-sow-editor-base\"\n\t\t\t\n\t\t>\n<div class=\"siteorigin-widget-tinymce textwidget\">\n\t<ul>\n<li><span style=\"font-size: 16px;\">E.&amp;J. Gallo Glass<\/span><\/li>\n<li><span style=\"font-size: 16px;\">Gerresheimer Glas<\/span><\/li>\n<li><span style=\"font-size: 16px;\">Gulf Glass Manufacturing Co.<\/span><\/li>\n<li><span style=\"font-size: 16px;\">Heinz-Glas<\/span><\/li>\n<li><span style=\"font-size: 16px;\">HNG Hindusthan National Glass<\/span><\/li>\n<\/ul>\n<\/div>\n<\/div><\/div><\/div><\/div><\/div><\/div><div id=\"pg-6-7\"  class=\"panel-grid panel-no-style\" ><div id=\"pgc-6-7-0\"  class=\"panel-grid-cell\" ><div id=\"panel-6-7-0-0\" class=\"so-panel widget widget_sow-button panel-first-child panel-last-child\" data-index=\"14\" ><div\n\t\t\t\n\t\t\tclass=\"so-widget-sow-button so-widget-sow-button-flat-0c8cdec4fd08-6\"\n\t\t\t\n\t\t><div class=\"ow-button-base ow-button-align-center\"\n>\n\t\t\t<a\n\t\t\t\t\thref=\"https:\/\/www.widmann-systems.com\/de\/kontakt\/\"\n\t\t\t\t\tclass=\"sowb-button ow-icon-placement-left\" \t>\n\t\t<span>\n\t\t\t\n\t\t\tKontakt aufnehmen\t\t<\/span>\n\t\t\t<\/a>\n\t<\/div>\n<\/div><\/div><\/div><\/div><\/div>","protected":false},"excerpt":{"rendered":"<p>H\u00f6chstdruckstrahlanlage ME 1700 F\u00fcr den professionellen Reinigungseinsatz in der Industrie: &#8211; Reinigen von Produktionsanlagen &#8211; Maschinen und Teilereinigung &#8211; Entfernen von hartn\u00e4ckigsten Verschmutzungen &amp; Beschichtungen &gt;&gt; Zum Produkt &lt;&lt; \u00dcber uns Die E. Ziegler-Widmann Cleaning Systems, mit Sitz in Ulm, wurde 1997 von Dieter Widmann gegr\u00fcndet. Wir entwickeln, produzieren und vertreiben Hoch- und H\u00f6chstdruckstrahlanlagen bis &hellip; <\/p>\n<p class=\"link-more\"><a href=\"https:\/\/www.widmann-systems.com\/de\/\" class=\"more-link\">Continue reading<span class=\"screen-reader-text\"> &#8222;Start&#8220;<\/span><\/a><\/p>\n","protected":false},"author":1,"featured_media":0,"parent":0,"menu_order":10,"comment_status":"closed","ping_status":"closed","template":"page-startseite.php","meta":{"footnotes":""},"class_list":["post-6","page","type-page","status-publish","hentry"],"_links":{"self":[{"href":"https:\/\/www.widmann-systems.com\/de\/wp-json\/wp\/v2\/pages\/6","targetHints":{"allow":["GET"]}}],"collection":[{"href":"https:\/\/www.widmann-systems.com\/de\/wp-json\/wp\/v2\/pages"}],"about":[{"href":"https:\/\/www.widmann-systems.com\/de\/wp-json\/wp\/v2\/types\/page"}],"author":[{"embeddable":true,"href":"https:\/\/www.widmann-systems.com\/de\/wp-json\/wp\/v2\/users\/1"}],"replies":[{"embeddable":true,"href":"https:\/\/www.widmann-systems.com\/de\/wp-json\/wp\/v2\/comments?post=6"}],"version-history":[{"count":12,"href":"https:\/\/www.widmann-systems.com\/de\/wp-json\/wp\/v2\/pages\/6\/revisions"}],"predecessor-version":[{"id":1349,"href":"https:\/\/www.widmann-systems.com\/de\/wp-json\/wp\/v2\/pages\/6\/revisions\/1349"}],"wp:attachment":[{"href":"https:\/\/www.widmann-systems.com\/de\/wp-json\/wp\/v2\/media?parent=6"}],"curies":[{"name":"wp","href":"https:\/\/api.w.org\/{rel}","templated":true}]}}