{"id":447,"date":"2022-05-13T09:15:02","date_gmt":"2022-05-13T07:15:02","guid":{"rendered":"https:\/\/www.widmann-systems.com\/?page_id=447"},"modified":"2022-09-01T13:53:07","modified_gmt":"2022-09-01T11:53:07","slug":"produkt","status":"publish","type":"page","link":"https:\/\/www.widmann-systems.com\/de\/produkt\/","title":{"rendered":"Produkt"},"content":{"rendered":"<div id=\"pl-447\"  class=\"panel-layout\" ><div id=\"pg-447-0\"  class=\"panel-grid panel-has-style\" ><div class=\"panel-row-style panel-row-style-for-447-0\" ><div id=\"pgc-447-0-0\"  class=\"panel-grid-cell\" ><div id=\"panel-447-0-0-0\" class=\"so-panel widget widget_sow-hero panel-first-child panel-last-child\" data-index=\"0\" ><div\n\t\t\t\n\t\t\tclass=\"so-widget-sow-hero so-widget-sow-hero-default-028d129e70bb-447\"\n\t\t\t\n\t\t>\t\t\t\t<div class=\"sow-slider-base\" style=\"display: none\" tabindex=\"0\">\n\t\t\t\t\t<ul\n\t\t\t\t\tclass=\"sow-slider-images\"\n\t\t\t\t\tdata-settings=\"{&quot;pagination&quot;:true,&quot;speed&quot;:800,&quot;timeout&quot;:8000,&quot;paused&quot;:false,&quot;pause_on_hover&quot;:false,&quot;swipe&quot;:true,&quot;nav_always_show_desktop&quot;:&quot;&quot;,&quot;nav_always_show_mobile&quot;:&quot;&quot;,&quot;breakpoint&quot;:&quot;780px&quot;,&quot;unmute&quot;:false,&quot;anchor&quot;:null}\"\n\t\t\t\t\tstyle=\"min-height: 200px\"\t\t\t\t\tdata-anchor-id=\"\"\n\t\t\t\t>\t\t<li class=\"sow-slider-image  sow-slider-image-cover\" style=\"visibility: visible;;background-color: #293a72\" >\n\t\t\t\t\t<div class=\"sow-slider-image-container\">\n\t\t\t<div class=\"sow-slider-image-wrapper\">\n\t\t\t\t<h1 style=\"text-align: center\">PRODUKT<\/h1>\n\t\t\t<\/div>\n\t\t<\/div>\n\t\t<div class=\"sow-slider-image-overlay sow-slider-image-cover\" style=\"opacity: 0.2;background-image: url(https:\/\/www.widmann-systems.com\/wp-content\/uploads\/produkt-header1.jpg)\"  ><\/div>\t\t<\/li>\n\t\t<\/ul>\t\t\t\t<ol class=\"sow-slider-pagination\">\n\t\t\t\t\t\t\t\t\t\t\t<li><a href=\"#\" data-goto=\"0\" aria-label=\"Display slide 1\"><\/a><\/li>\n\t\t\t\t\t\t\t\t\t<\/ol>\n\n\t\t\t\t<div class=\"sow-slide-nav sow-slide-nav-next\">\n\t\t\t\t\t<a href=\"#\" data-goto=\"next\" aria-label=\"Next slide\" data-action=\"next\">\n\t\t\t\t\t\t<em class=\"sow-sld-icon-thin-right\"><\/em>\n\t\t\t\t\t<\/a>\n\t\t\t\t<\/div>\n\n\t\t\t\t<div class=\"sow-slide-nav sow-slide-nav-prev\">\n\t\t\t\t\t<a href=\"#\" data-goto=\"previous\" aria-label=\"Previous slide\" data-action=\"prev\">\n\t\t\t\t\t\t<em class=\"sow-sld-icon-thin-left\"><\/em>\n\t\t\t\t\t<\/a>\n\t\t\t\t<\/div>\n\t\t\t\t<\/div><\/div><\/div><\/div><\/div><\/div><div id=\"pg-447-1\"  class=\"panel-grid panel-has-style\" ><div id=\"behlterglasindustrie\" class=\"panel-row-style panel-row-style-for-447-1\" ><div id=\"pgc-447-1-0\"  class=\"panel-grid-cell\" ><div id=\"panel-447-1-0-0\" class=\"so-panel widget widget_siteorigin-panels-builder panel-first-child panel-last-child\" data-index=\"1\" ><div id=\"pl-w63104f2296bab\"  class=\"panel-layout\" ><div id=\"pg-w63104f2296bab-0\"  class=\"panel-grid panel-no-style\" ><div id=\"pgc-w63104f2296bab-0-0\"  class=\"panel-grid-cell\" ><div id=\"panel-w63104f2296bab-0-0-0\" class=\"so-panel widget widget_sow-editor panel-first-child panel-last-child\" data-index=\"0\" ><div\n\t\t\t\n\t\t\tclass=\"so-widget-sow-editor so-widget-sow-editor-base\"\n\t\t\t\n\t\t>\n<div class=\"siteorigin-widget-tinymce textwidget\">\n\t<h2>H\u00f6chstdruckstrahlanlage ME 1700<\/h2>\n<\/div>\n<\/div><\/div><\/div><\/div><div id=\"pg-w63104f2296bab-1\"  class=\"panel-grid panel-no-style\" ><div id=\"pgc-w63104f2296bab-1-0\"  class=\"panel-grid-cell\" ><div id=\"panel-w63104f2296bab-1-0-0\" class=\"so-panel widget widget_sow-editor panel-first-child panel-last-child\" data-index=\"1\" ><div\n\t\t\t\n\t\t\tclass=\"so-widget-sow-editor so-widget-sow-editor-base\"\n\t\t\t\n\t\t>\n<div class=\"siteorigin-widget-tinymce textwidget\">\n\t<p>Die H\u00f6chstdruckstrahlanlage ME 1700 ist ein <strong>mobiles H\u00f6chstdruckaggregat<\/strong> f\u00fcr den professionellen Einsatz von H\u00f6chstdruckwasserstrahlarbeiten mit einem Arbeitsdruck bis 1700 Bar und einem sehr geringen Wasserverbrauch von 2,4 L\/min bzw. 144 L\/h.<\/p>\n<\/div>\n<\/div><\/div><\/div><div id=\"pgc-w63104f2296bab-1-1\"  class=\"panel-grid-cell\" ><div id=\"panel-w63104f2296bab-1-1-0\" class=\"so-panel widget widget_sow-editor panel-first-child panel-last-child\" data-index=\"2\" ><div\n\t\t\t\n\t\t\tclass=\"so-widget-sow-editor so-widget-sow-editor-base\"\n\t\t\t\n\t\t>\n<div class=\"siteorigin-widget-tinymce textwidget\">\n\t<p>Als Antrieb wird ein Elektromotor mit einer Leistung von 7,5 kW eingesetzt und die Netzspannung liegt bei 400 V 50 Hz bzw. 440 V 60 Hz. Die kompakte Baugr\u00f6\u00dfe 90 x 66 x 72 cm erm\u00f6glicht den Einsatz der Anlage unmittelbar an Produktionsanlagen in Werksgeb\u00e4uden.<\/p>\n<\/div>\n<\/div><\/div><\/div><\/div><\/div><\/div><\/div><\/div><\/div><div id=\"pg-447-2\"  class=\"panel-grid panel-has-style\" ><div id=\"behlterglasindustrie\" class=\"panel-row-style panel-row-style-for-447-2\" ><div id=\"pgc-447-2-0\"  class=\"panel-grid-cell\" ><div id=\"panel-447-2-0-0\" class=\"so-panel widget widget_siteorigin-panels-builder panel-first-child panel-last-child\" data-index=\"2\" ><div id=\"pl-w631051470ac55\"  class=\"panel-layout\" ><div id=\"pg-w631051470ac55-0\"  class=\"panel-grid panel-no-style\" ><div id=\"pgc-w631051470ac55-0-0\"  class=\"panel-grid-cell\" ><div class=\"panel-cell-style panel-cell-style-for-w631051470ac55-0-0\" ><div id=\"panel-w631051470ac55-0-0-0\" class=\"so-panel widget widget_sow-editor panel-first-child\" data-index=\"0\" ><div\n\t\t\t\n\t\t\tclass=\"so-widget-sow-editor so-widget-sow-editor-base\"\n\t\t\t\n\t\t>\n<div class=\"siteorigin-widget-tinymce textwidget\">\n\t<h2><span style=\"color: #ffffff;\">Technische Daten<\/span><\/h2>\n<\/div>\n<\/div><\/div><div id=\"panel-w631051470ac55-0-0-1\" class=\"so-panel widget widget_sow-editor panel-last-child\" data-index=\"1\" ><div\n\t\t\t\n\t\t\tclass=\"so-widget-sow-editor so-widget-sow-editor-base\"\n\t\t\t\n\t\t>\n<div class=\"siteorigin-widget-tinymce textwidget\">\n\t<ul>\n<li>Arbeitsdruck: 1700 Bar<\/li>\n<li>F\u00f6rdermenge: 2,4 L\/min \/ 144 L\/h<\/li>\n<li>Antriebsmotor: 400 V \/ 50 Hz<\/li>\n<li>Motorleistung: 7,5 kW<\/li>\n<li>Netzsicherung: 32 A<\/li>\n<li>Stromanschluss: 400 V 3-phasig<\/li>\n<li>Abmessungen: 90 x 66 x 72 cm (LxBxH)<\/li>\n<\/ul>\n<\/div>\n<\/div><\/div><\/div><\/div><div id=\"pgc-w631051470ac55-0-1\"  class=\"panel-grid-cell\" ><div id=\"panel-w631051470ac55-0-1-0\" class=\"so-panel widget widget_sow-image panel-first-child panel-last-child\" data-index=\"2\" ><div class=\"panel-widget-style panel-widget-style-for-w631051470ac55-0-1-0\" ><div\n\t\t\t\n\t\t\tclass=\"so-widget-sow-image so-widget-sow-image-default-8b5b6f678277\"\n\t\t\t data-overlay-enabled=\"1\" data-overlay-settings=\"{&quot;enabled_for_widgets&quot;:[&quot;sow-image&quot;,&quot;sow-image-grid&quot;,&quot;sow-simple-masonry&quot;],&quot;theme&quot;:&quot;dark&quot;,&quot;show_delay&quot;:300,&quot;overlay_color&quot;:&quot;#000000&quot;,&quot;overlay_opacity&quot;:0,&quot;overlay_position&quot;:&quot;bottom&quot;,&quot;overlay_size&quot;:1,&quot;desktop_show_trigger&quot;:&quot;always&quot;,&quot;touch_show_trigger&quot;:&quot;always&quot;,&quot;responsive_breakpoint&quot;:&quot;1024px&quot;,&quot;responsive_breakpoint_unit&quot;:&quot;px&quot;,&quot;overlay_animation&quot;:&quot;fade&quot;,&quot;font_family&quot;:&quot;default&quot;,&quot;text_size&quot;:&quot;25px&quot;,&quot;text_size_unit&quot;:&quot;px&quot;,&quot;text_color&quot;:&quot;#fff&quot;,&quot;text_padding&quot;:&quot;22px 22px 22px 22px&quot;,&quot;text_position&quot;:&quot;middle&quot;,&quot;text_align&quot;:&quot;center&quot;,&quot;text_animation&quot;:&quot;&quot;,&quot;overlay_animation_onscreen&quot;:false,&quot;font&quot;:{&quot;family&quot;:&quot;default&quot;}}\"\n\t\t>\n<div class=\"sow-image-container\">\n\t\t<img \n\tsrc=\"https:\/\/www.widmann-systems.com\/wp-content\/uploads\/widmann-hoechstdruckanlage-me-1700.jpg\" width=\"1200\" height=\"834\" srcset=\"https:\/\/www.widmann-systems.com\/wp-content\/uploads\/widmann-hoechstdruckanlage-me-1700.jpg 1200w, https:\/\/www.widmann-systems.com\/wp-content\/uploads\/widmann-hoechstdruckanlage-me-1700-300x209.jpg 300w, https:\/\/www.widmann-systems.com\/wp-content\/uploads\/widmann-hoechstdruckanlage-me-1700-1024x712.jpg 1024w, https:\/\/www.widmann-systems.com\/wp-content\/uploads\/widmann-hoechstdruckanlage-me-1700-768x534.jpg 768w\" sizes=\"(max-width: 1200px) 100vw, 1200px\" alt=\"widmann-hoechstdruckanlage-me-1700\" \t\tclass=\"so-widget-image\"\/>\n\t<\/div>\n\n<\/div><\/div><\/div><\/div><\/div><\/div><\/div><\/div><\/div><\/div><div id=\"pg-447-3\"  class=\"panel-grid panel-has-style\" ><div id=\"automotivindustrie\" class=\"panel-row-style panel-row-style-for-447-3\" ><div id=\"pgc-447-3-0\"  class=\"panel-grid-cell\" ><div id=\"panel-447-3-0-0\" class=\"so-panel widget widget_siteorigin-panels-builder panel-first-child panel-last-child\" data-index=\"3\" ><div class=\"panel-widget-style panel-widget-style-for-447-3-0-0\" ><div id=\"pl-w62e25ade3a497\"  class=\"panel-layout\" ><div id=\"pg-w62e25ade3a497-0\"  class=\"panel-grid panel-no-style\" ><div id=\"pgc-w62e25ade3a497-0-0\"  class=\"panel-grid-cell\" ><div id=\"panel-w62e25ade3a497-0-0-0\" class=\"so-panel widget widget_sow-editor panel-first-child panel-last-child\" data-index=\"0\" ><div\n\t\t\t\n\t\t\tclass=\"so-widget-sow-editor so-widget-sow-editor-base\"\n\t\t\t\n\t\t>\n<div class=\"siteorigin-widget-tinymce textwidget\">\n\t<h2>Ihre Vorteile<\/h2>\n<\/div>\n<\/div><\/div><\/div><\/div><div id=\"pg-w62e25ade3a497-1\"  class=\"panel-grid panel-no-style\" ><div id=\"pgc-w62e25ade3a497-1-0\"  class=\"panel-grid-cell\" ><div id=\"panel-w62e25ade3a497-1-0-0\" class=\"so-panel widget widget_sow-editor panel-first-child panel-last-child\" data-index=\"1\" ><div\n\t\t\t\n\t\t\tclass=\"so-widget-sow-editor so-widget-sow-editor-base\"\n\t\t\t\n\t\t>\n<div class=\"siteorigin-widget-tinymce textwidget\">\n\t<p>Hochwertige Komponenten wie Hartmetallplunger, Edelstahlventile, Dichtungen und Edelstahlpumpenkopf sorgen f\u00fcr eine <strong>hohe Betriebssicherheit<\/strong>, lange Wartungsintervalle sowie eine hohe Zuverl\u00e4ssigkeit im Dauereinsatz. Die komplette Anlage ist in einem elektrolytisch polierten V2A Edelstahlrohrrahmen, Edelstahllochblechabdeckungen, 4 hochwertigen Vollgummir\u00e4der aufgebaut und leicht zu transportieren.<\/p>\n<\/div>\n<\/div><\/div><\/div><div id=\"pgc-w62e25ade3a497-1-1\"  class=\"panel-grid-cell\" ><div id=\"panel-w62e25ade3a497-1-1-0\" class=\"so-panel widget widget_sow-editor panel-first-child panel-last-child\" data-index=\"2\" ><div\n\t\t\t\n\t\t\tclass=\"so-widget-sow-editor so-widget-sow-editor-base\"\n\t\t\t\n\t\t>\n<div class=\"siteorigin-widget-tinymce textwidget\">\n\t<p>Die einzigartige Rotationspistole verf\u00fcgt \u00fcber einen elektrischen Antriebsmotor 12 V der den Wasserstrahl in eine konstante Rotation mit 2600 U\/min versetzt und somit die Fl\u00e4chenleistung wesentlich erh\u00f6ht. Durch die geringe F\u00f6rdermenge der Anlage ist ein r\u00fccksto\u00dffreies Arbeiten gew\u00e4hrt. Zu reinigende Oberfl\u00e4chen sind gut einsehbar. Eine <strong>rechnergest\u00fctzte Steuerung<\/strong> mit <strong>Digitalanzeige<\/strong> \u00fcberwacht s\u00e4mtliche Betriebszust\u00e4nde der Anlage.<\/p>\n<\/div>\n<\/div><\/div><\/div><\/div><\/div><\/div><\/div><\/div><\/div><\/div><div id=\"pg-447-4\"  class=\"panel-grid panel-has-style\" ><div id=\"behlterglasindustrie\" class=\"panel-row-style panel-row-style-for-447-4\" ><div id=\"pgc-447-4-0\"  class=\"panel-grid-cell\" ><div id=\"panel-447-4-0-0\" class=\"so-panel widget widget_siteorigin-panels-builder panel-first-child panel-last-child\" data-index=\"4\" ><div id=\"pl-w63104f2296f96\"  class=\"panel-layout\" ><div id=\"pg-w63104f2296f96-0\"  class=\"panel-grid panel-no-style\" ><div id=\"pgc-w63104f2296f96-0-0\"  class=\"panel-grid-cell\" ><div id=\"panel-w63104f2296f96-0-0-0\" class=\"so-panel widget widget_sow-editor panel-first-child panel-last-child\" data-index=\"0\" ><div\n\t\t\t\n\t\t\tclass=\"so-widget-sow-editor so-widget-sow-editor-base\"\n\t\t\t\n\t\t>\n<div class=\"siteorigin-widget-tinymce textwidget\">\n\t<h2>Unser Service<\/h2>\n<\/div>\n<\/div><\/div><\/div><\/div><div id=\"pg-w63104f2296f96-1\"  class=\"panel-grid panel-no-style\" ><div id=\"pgc-w63104f2296f96-1-0\"  class=\"panel-grid-cell\" ><div id=\"panel-w63104f2296f96-1-0-0\" class=\"so-panel widget widget_sow-editor panel-first-child panel-last-child\" data-index=\"1\" ><div\n\t\t\t\n\t\t\tclass=\"so-widget-sow-editor so-widget-sow-editor-base\"\n\t\t\t\n\t\t>\n<div class=\"siteorigin-widget-tinymce textwidget\">\n\t<p>Einweisungen und Schulungen f\u00fcr das Bedienpersonal werden generell durch unser kompetentes Team vor Ort beim Kunden vorgenommen. Die Einweisungen gew\u00e4hrleisten den sicheren Umgang, sowie das sachgem\u00e4\u00dfe Handling der H\u00f6chstdruckstrahlanlagen. Sicherheitseinweisungen gem\u00e4\u00df den jeweiligen gesetzlichen Bestimmungen.<\/p>\n<p>S\u00e4mtliche Wartungen und Reparaturen werden in unserem Werk, oder auf Wunsch direkt vor Ort beim Kunden zeitnah und zuverl\u00e4ssig durch unser geschultes Service- und Wartungsteam durchgef\u00fchrt.<\/p>\n<ul>\n<li>J\u00e4hrliche UVV-Sicherheits\u00fcberpr\u00fcfungen gem\u00e4\u00df den gesetzlichen Richtlinien<\/li>\n<li>Wartungen, Reparaturen sowie Austausch von Verschlei\u00dfteilen<\/li>\n<li>Ersatzteillieferungen innerhalb k\u00fcrzester Zeit weltweit<\/li>\n<\/ul>\n<\/div>\n<\/div><\/div><\/div><div id=\"pgc-w63104f2296f96-1-1\"  class=\"panel-grid-cell\" ><div id=\"panel-w63104f2296f96-1-1-0\" class=\"so-panel widget widget_sow-image panel-first-child panel-last-child\" data-index=\"2\" ><div class=\"panel-widget-style panel-widget-style-for-w63104f2296f96-1-1-0\" ><div\n\t\t\t\n\t\t\tclass=\"so-widget-sow-image so-widget-sow-image-default-8b5b6f678277\"\n\t\t\t data-overlay-enabled=\"1\" data-overlay-settings=\"{&quot;enabled_for_widgets&quot;:[&quot;sow-image&quot;,&quot;sow-image-grid&quot;,&quot;sow-simple-masonry&quot;],&quot;theme&quot;:&quot;dark&quot;,&quot;show_delay&quot;:300,&quot;overlay_color&quot;:&quot;#000000&quot;,&quot;overlay_opacity&quot;:0,&quot;overlay_position&quot;:&quot;bottom&quot;,&quot;overlay_size&quot;:1,&quot;desktop_show_trigger&quot;:&quot;always&quot;,&quot;touch_show_trigger&quot;:&quot;always&quot;,&quot;responsive_breakpoint&quot;:&quot;1024px&quot;,&quot;responsive_breakpoint_unit&quot;:&quot;px&quot;,&quot;overlay_animation&quot;:&quot;fade&quot;,&quot;font_family&quot;:&quot;default&quot;,&quot;text_size&quot;:&quot;25px&quot;,&quot;text_size_unit&quot;:&quot;px&quot;,&quot;text_color&quot;:&quot;#fff&quot;,&quot;text_padding&quot;:&quot;22px 22px 22px 22px&quot;,&quot;text_position&quot;:&quot;middle&quot;,&quot;text_align&quot;:&quot;center&quot;,&quot;text_animation&quot;:&quot;&quot;,&quot;overlay_animation_onscreen&quot;:false,&quot;font&quot;:{&quot;family&quot;:&quot;default&quot;}}\"\n\t\t>\n<div class=\"sow-image-container\">\n\t\t<img \n\tsrc=\"https:\/\/www.widmann-systems.com\/wp-content\/uploads\/widmann-ultra-high-pressure-jet-me-1700.jpg\" width=\"1200\" height=\"834\" srcset=\"https:\/\/www.widmann-systems.com\/wp-content\/uploads\/widmann-ultra-high-pressure-jet-me-1700.jpg 1200w, https:\/\/www.widmann-systems.com\/wp-content\/uploads\/widmann-ultra-high-pressure-jet-me-1700-300x209.jpg 300w, https:\/\/www.widmann-systems.com\/wp-content\/uploads\/widmann-ultra-high-pressure-jet-me-1700-1024x712.jpg 1024w, https:\/\/www.widmann-systems.com\/wp-content\/uploads\/widmann-ultra-high-pressure-jet-me-1700-768x534.jpg 768w\" sizes=\"(max-width: 1200px) 100vw, 1200px\" alt=\"widmann-ultra-high-pressure-jet-me-1700\" \t\tclass=\"so-widget-image\"\/>\n\t<\/div>\n\n<\/div><\/div><\/div><\/div><\/div><\/div><\/div><\/div><\/div><\/div><\/div>","protected":false},"excerpt":{"rendered":"<p>PRODUKT H\u00f6chstdruckstrahlanlage ME 1700 Die H\u00f6chstdruckstrahlanlage ME 1700 ist ein mobiles H\u00f6chstdruckaggregat f\u00fcr den professionellen Einsatz von H\u00f6chstdruckwasserstrahlarbeiten mit einem Arbeitsdruck bis 1700 Bar und einem sehr geringen Wasserverbrauch von 2,4 L\/min bzw. 144 L\/h. Als Antrieb wird ein Elektromotor mit einer Leistung von 7,5 kW eingesetzt und die Netzspannung liegt bei 400 V 50 &hellip; <\/p>\n<p class=\"link-more\"><a href=\"https:\/\/www.widmann-systems.com\/de\/produkt\/\" class=\"more-link\">Continue reading<span class=\"screen-reader-text\"> &#8222;Produkt&#8220;<\/span><\/a><\/p>\n","protected":false},"author":1,"featured_media":0,"parent":0,"menu_order":200,"comment_status":"closed","ping_status":"closed","template":"","meta":{"footnotes":""},"class_list":["post-447","page","type-page","status-publish","hentry"],"_links":{"self":[{"href":"https:\/\/www.widmann-systems.com\/de\/wp-json\/wp\/v2\/pages\/447","targetHints":{"allow":["GET"]}}],"collection":[{"href":"https:\/\/www.widmann-systems.com\/de\/wp-json\/wp\/v2\/pages"}],"about":[{"href":"https:\/\/www.widmann-systems.com\/de\/wp-json\/wp\/v2\/types\/page"}],"author":[{"embeddable":true,"href":"https:\/\/www.widmann-systems.com\/de\/wp-json\/wp\/v2\/users\/1"}],"replies":[{"embeddable":true,"href":"https:\/\/www.widmann-systems.com\/de\/wp-json\/wp\/v2\/comments?post=447"}],"version-history":[{"count":11,"href":"https:\/\/www.widmann-systems.com\/de\/wp-json\/wp\/v2\/pages\/447\/revisions"}],"predecessor-version":[{"id":1292,"href":"https:\/\/www.widmann-systems.com\/de\/wp-json\/wp\/v2\/pages\/447\/revisions\/1292"}],"wp:attachment":[{"href":"https:\/\/www.widmann-systems.com\/de\/wp-json\/wp\/v2\/media?parent=447"}],"curies":[{"name":"wp","href":"https:\/\/api.w.org\/{rel}","templated":true}]}}